{"id":2535,"date":"2023-03-08T11:07:36","date_gmt":"2023-03-08T10:07:36","guid":{"rendered":"https:\/\/www.mysecurexinvest.be\/?page_id=2535"},"modified":"2026-03-31T14:02:50","modified_gmt":"2026-03-31T12:02:50","slug":"securex-life-invest-portfolio","status":"publish","type":"page","link":"https:\/\/www.mysecurexinvest.be\/fr\/securex-life-invest-portfolio\/","title":{"rendered":"Securex Life Invest Portfolio"},"content":{"rendered":"<p>Vous savez que laisser dormir votre argent \u00e0 la banque n&rsquo;est pas int\u00e9ressant. Vous pr\u00e9f\u00e9rez investir et viser un rendement potentiel plus \u00e9lev\u00e9 \u00e0 long-terme? D\u00e9couvrez notre solution.<\/p>\n<p>Securex Life Invest Portfolio, une solution d\u2019assurance de la branche 23 de l\u2019assureur belge Securex Vie, vise \u00e0 obtenir un rendement positif sur le long terme.<\/p>\n<p><a class=\"button button-purple \" href=\"mailto:infobranch23@securex.be\" target=\"_blank\" rel=\"noopener noreferrer\">Contactez-nous<\/a><\/p>\n","protected":false},"excerpt":{"rendered":"<p>Vous savez que laisser dormir votre argent \u00e0 la banque n&rsquo;est pas int\u00e9ressant. Vous pr\u00e9f\u00e9rez investir et viser un rendement potentiel plus \u00e9lev\u00e9 \u00e0 long-terme? D\u00e9couvrez notre solution. Securex Life Invest Portfolio, une solution d\u2019assurance de la branche 23 de l\u2019assureur belge Securex Vie, vise \u00e0 obtenir un rendement positif sur le long terme. Contactez-nous<\/p>\n","protected":false},"author":1,"featured_media":70,"parent":0,"menu_order":0,"comment_status":"closed","ping_status":"closed","template":"","meta":{"_acf_changed":false,"footnotes":""},"class_list":["post-2535","page","type-page","status-publish","has-post-thumbnail","hentry"],"acf":[],"_links":{"self":[{"href":"https:\/\/www.mysecurexinvest.be\/fr\/wp-json\/wp\/v2\/pages\/2535"}],"collection":[{"href":"https:\/\/www.mysecurexinvest.be\/fr\/wp-json\/wp\/v2\/pages"}],"about":[{"href":"https:\/\/www.mysecurexinvest.be\/fr\/wp-json\/wp\/v2\/types\/page"}],"author":[{"embeddable":true,"href":"https:\/\/www.mysecurexinvest.be\/fr\/wp-json\/wp\/v2\/users\/1"}],"replies":[{"embeddable":true,"href":"https:\/\/www.mysecurexinvest.be\/fr\/wp-json\/wp\/v2\/comments?post=2535"}],"version-history":[{"count":70,"href":"https:\/\/www.mysecurexinvest.be\/fr\/wp-json\/wp\/v2\/pages\/2535\/revisions"}],"predecessor-version":[{"id":5139,"href":"https:\/\/www.mysecurexinvest.be\/fr\/wp-json\/wp\/v2\/pages\/2535\/revisions\/5139"}],"wp:featuredmedia":[{"embeddable":true,"href":"https:\/\/www.mysecurexinvest.be\/fr\/wp-json\/wp\/v2\/media\/70"}],"wp:attachment":[{"href":"https:\/\/www.mysecurexinvest.be\/fr\/wp-json\/wp\/v2\/media?parent=2535"}],"curies":[{"name":"wp","href":"https:\/\/api.w.org\/{rel}","templated":true}]}}